{"id":42,"date":"2026-04-15T19:30:50","date_gmt":"2026-04-15T19:30:50","guid":{"rendered":"http:\/\/www.alpargen.com\/?page_id=42"},"modified":"2026-04-16T11:11:56","modified_gmt":"2026-04-16T11:11:56","slug":"urunler","status":"publish","type":"page","link":"https:\/\/www.alpargen.com\/index.php\/urunler\/","title":{"rendered":"\u00dcr\u00fcnler"},"content":{"rendered":"\n<h2 class=\"wp-block-heading\"><\/h2>\n\n\n\n<p>Alpargen olarak, end\u00fcstriyel gaz \u00fcretiminde y\u00fcksek performans ve g\u00fcvenilirlik sunan \u00e7\u00f6z\u00fcmler geli\u015ftiriyoruz. Oksijen, azot ve ozon jenerat\u00f6rlerimiz; farkl\u0131 sekt\u00f6rlerin ihtiya\u00e7lar\u0131na uygun olarak tasarlanm\u0131\u015f, verimli ve uzun \u00f6m\u00fcrl\u00fc sistemlerdir.<\/p>\n\n\n\n<p>Geli\u015fmi\u015f m\u00fchendislik altyap\u0131m\u0131z sayesinde, her \u00fcr\u00fcn\u00fcm\u00fczde y\u00fcksek safl\u0131k, d\u00fc\u015f\u00fck enerji t\u00fcketimi ve minimum bak\u0131m gereksinimi sa\u011fl\u0131yoruz. Standart \u00e7\u00f6z\u00fcmlerimizin yan\u0131 s\u0131ra, i\u015fletmenize \u00f6zel projelendirme ve \u00fcretim hizmetleri ile maksimum verim elde etmenizi hedefliyoruz.<\/p>\n\n\n\n<p>\u0130htiyac\u0131n\u0131za en uygun sistemi ke\u015ffedin, \u00fcretim s\u00fcre\u00e7lerinizi Alpargen kalitesiyle g\u00fc\u00e7lendirin.<\/p>\n\n\n\n<div class=\"wp-block-columns is-layout-flex wp-container-core-columns-is-layout-9d6595d7 wp-block-columns-is-layout-flex\">\n<div class=\"wp-block-column is-vertically-aligned-center is-layout-flow wp-block-column-is-layout-flow\">\n<figure class=\"wp-block-image size-full\"><img loading=\"lazy\" decoding=\"async\" width=\"985\" height=\"664\" src=\"http:\/\/www.alpargen.com\/wp-content\/uploads\/2026\/04\/Oksijen-jeneratoru-1.jpg\" alt=\"\" class=\"wp-image-87\" srcset=\"https:\/\/www.alpargen.com\/wp-content\/uploads\/2026\/04\/Oksijen-jeneratoru-1.jpg 985w, https:\/\/www.alpargen.com\/wp-content\/uploads\/2026\/04\/Oksijen-jeneratoru-1-300x202.jpg 300w, https:\/\/www.alpargen.com\/wp-content\/uploads\/2026\/04\/Oksijen-jeneratoru-1-768x518.jpg 768w\" sizes=\"auto, (max-width: 985px) 100vw, 985px\" \/><\/figure>\n\n\n\n<h3 class=\"wp-block-heading alignwide has-text-align-center\"><a href=\"http:\/\/www.alpargen.com\/index.php\/oksijen-jeneratorleri\/\" data-type=\"page\" data-id=\"28\">Oksijen Jenerat\u00f6r\u00fc<\/a><\/h3>\n<\/div>\n\n\n\n<div class=\"wp-block-column is-vertically-aligned-center is-layout-flow wp-block-column-is-layout-flow\">\n<figure class=\"wp-block-image size-full\"><img loading=\"lazy\" decoding=\"async\" width=\"985\" height=\"664\" src=\"http:\/\/www.alpargen.com\/wp-content\/uploads\/2026\/04\/Oksijen-jeneratoru-1.jpg\" alt=\"\" class=\"wp-image-87\" srcset=\"https:\/\/www.alpargen.com\/wp-content\/uploads\/2026\/04\/Oksijen-jeneratoru-1.jpg 985w, https:\/\/www.alpargen.com\/wp-content\/uploads\/2026\/04\/Oksijen-jeneratoru-1-300x202.jpg 300w, https:\/\/www.alpargen.com\/wp-content\/uploads\/2026\/04\/Oksijen-jeneratoru-1-768x518.jpg 768w\" sizes=\"auto, (max-width: 985px) 100vw, 985px\" \/><\/figure>\n\n\n\n<h3 class=\"wp-block-heading has-text-align-center\"><a href=\"http:\/\/www.alpargen.com\/index.php\/azot-jeneratorleri\/\" data-type=\"page\" data-id=\"29\">Azot Jenerat\u00f6r\u00fc<\/a><\/h3>\n<\/div>\n\n\n\n<div class=\"wp-block-column is-vertically-aligned-center is-layout-flow wp-block-column-is-layout-flow\">\n<figure class=\"wp-block-image size-full\"><img loading=\"lazy\" decoding=\"async\" width=\"550\" height=\"368\" src=\"http:\/\/www.alpargen.com\/wp-content\/uploads\/2026\/04\/ozon-yatay.png\" alt=\"\" class=\"wp-image-88\" srcset=\"https:\/\/www.alpargen.com\/wp-content\/uploads\/2026\/04\/ozon-yatay.png 550w, https:\/\/www.alpargen.com\/wp-content\/uploads\/2026\/04\/ozon-yatay-300x201.png 300w\" sizes=\"auto, (max-width: 550px) 100vw, 550px\" \/><\/figure>\n\n\n\n<h3 class=\"wp-block-heading has-text-align-center\"><a href=\"http:\/\/www.alpargen.com\/index.php\/ozon-jeneratorleri\/\" data-type=\"page\" data-id=\"30\">Ozon Jenerat\u00f6r\u00fc<\/a><\/h3>\n<\/div>\n<\/div>\n\n\n\n<p><\/p>\n","protected":false},"excerpt":{"rendered":"<p>Alpargen olarak, end\u00fcstriyel gaz \u00fcretiminde y\u00fcksek performans ve g\u00fcvenilirlik sunan \u00e7\u00f6z\u00fcmler geli\u015ftiriyoruz. Oksijen, azot ve ozon jenerat\u00f6rlerimiz; farkl\u0131 sekt\u00f6rlerin ihtiya\u00e7lar\u0131na uygun olarak tasarlanm\u0131\u015f, verimli ve uzun \u00f6m\u00fcrl\u00fc sistemlerdir. Geli\u015fmi\u015f m\u00fchendislik altyap\u0131m\u0131z sayesinde, her \u00fcr\u00fcn\u00fcm\u00fczde y\u00fcksek safl\u0131k, d\u00fc\u015f\u00fck enerji t\u00fcketimi ve minimum bak\u0131m gereksinimi sa\u011fl\u0131yoruz. Standart \u00e7\u00f6z\u00fcmlerimizin yan\u0131 s\u0131ra, i\u015fletmenize \u00f6zel projelendirme ve \u00fcretim hizmetleri ile [&hellip;]<\/p>\n","protected":false},"author":1,"featured_media":0,"parent":0,"menu_order":0,"comment_status":"closed","ping_status":"closed","template":"","meta":{"footnotes":""},"class_list":["post-42","page","type-page","status-publish","hentry","entry"],"_links":{"self":[{"href":"https:\/\/www.alpargen.com\/index.php\/wp-json\/wp\/v2\/pages\/42","targetHints":{"allow":["GET"]}}],"collection":[{"href":"https:\/\/www.alpargen.com\/index.php\/wp-json\/wp\/v2\/pages"}],"about":[{"href":"https:\/\/www.alpargen.com\/index.php\/wp-json\/wp\/v2\/types\/page"}],"author":[{"embeddable":true,"href":"https:\/\/www.alpargen.com\/index.php\/wp-json\/wp\/v2\/users\/1"}],"replies":[{"embeddable":true,"href":"https:\/\/www.alpargen.com\/index.php\/wp-json\/wp\/v2\/comments?post=42"}],"version-history":[{"count":9,"href":"https:\/\/www.alpargen.com\/index.php\/wp-json\/wp\/v2\/pages\/42\/revisions"}],"predecessor-version":[{"id":95,"href":"https:\/\/www.alpargen.com\/index.php\/wp-json\/wp\/v2\/pages\/42\/revisions\/95"}],"wp:attachment":[{"href":"https:\/\/www.alpargen.com\/index.php\/wp-json\/wp\/v2\/media?parent=42"}],"curies":[{"name":"wp","href":"https:\/\/api.w.org\/{rel}","templated":true}]}}