{"id":29,"date":"2026-04-15T19:27:39","date_gmt":"2026-04-15T19:27:39","guid":{"rendered":"http:\/\/www.alpargen.com\/?page_id=29"},"modified":"2026-04-16T10:47:15","modified_gmt":"2026-04-16T10:47:15","slug":"azot-jeneratorleri","status":"publish","type":"page","link":"https:\/\/www.alpargen.com\/index.php\/azot-jeneratorleri\/","title":{"rendered":"Azot Jenerat\u00f6rleri"},"content":{"rendered":"\n<h1 class=\"wp-block-heading\">Yap\u0131m A\u015famas\u0131nda<\/h1>\n\n\n\n<p><\/p>\n","protected":false},"excerpt":{"rendered":"<p>Yap\u0131m A\u015famas\u0131nda<\/p>\n","protected":false},"author":1,"featured_media":0,"parent":0,"menu_order":0,"comment_status":"closed","ping_status":"closed","template":"","meta":{"footnotes":""},"class_list":["post-29","page","type-page","status-publish","hentry","entry"],"_links":{"self":[{"href":"https:\/\/www.alpargen.com\/index.php\/wp-json\/wp\/v2\/pages\/29","targetHints":{"allow":["GET"]}}],"collection":[{"href":"https:\/\/www.alpargen.com\/index.php\/wp-json\/wp\/v2\/pages"}],"about":[{"href":"https:\/\/www.alpargen.com\/index.php\/wp-json\/wp\/v2\/types\/page"}],"author":[{"embeddable":true,"href":"https:\/\/www.alpargen.com\/index.php\/wp-json\/wp\/v2\/users\/1"}],"replies":[{"embeddable":true,"href":"https:\/\/www.alpargen.com\/index.php\/wp-json\/wp\/v2\/comments?post=29"}],"version-history":[{"count":2,"href":"https:\/\/www.alpargen.com\/index.php\/wp-json\/wp\/v2\/pages\/29\/revisions"}],"predecessor-version":[{"id":83,"href":"https:\/\/www.alpargen.com\/index.php\/wp-json\/wp\/v2\/pages\/29\/revisions\/83"}],"wp:attachment":[{"href":"https:\/\/www.alpargen.com\/index.php\/wp-json\/wp\/v2\/media?parent=29"}],"curies":[{"name":"wp","href":"https:\/\/api.w.org\/{rel}","templated":true}]}}